{"id":17542,"date":"2025-12-18T23:58:55","date_gmt":"2025-12-18T23:58:55","guid":{"rendered":"https:\/\/latmas.newwebsite.lt\/?page_id=17542"},"modified":"2026-03-30T15:29:20","modified_gmt":"2026-03-30T15:29:20","slug":"parduodame-nuomojame-turta","status":"publish","type":"page","link":"https:\/\/latmas.newwebsite.lt\/?page_id=17542","title":{"rendered":"Parduodame-nuomojame turt\u0105"},"content":{"rendered":"\t\t<div data-elementor-type=\"wp-page\" data-elementor-id=\"17542\" class=\"elementor elementor-17542\">\n\t\t\t\t<div class=\"elementor-element elementor-element-56aa6246 e-con-full e-flex e-con e-parent\" data-id=\"56aa6246\" data-element_type=\"container\">\n\t\t\t\t<div class=\"elementor-element elementor-element-5280dfd elementor-widget__width-initial elementor-widget elementor-widget-image\" data-id=\"5280dfd\" data-element_type=\"widget\" data-widget_type=\"image.default\">\n\t\t\t\t\t\t\t\t\t\t\t\t\t\t\t\t<a href=\"https:\/\/latmas.lt\/\">\n\t\t\t\t\t\t\t<img decoding=\"async\" width=\"300\" height=\"118\" src=\"https:\/\/latmas.newwebsite.lt\/wp-content\/uploads\/2025\/12\/image-12.png\" class=\"attachment-medium size-medium wp-image-17463\" alt=\"\" srcset=\"\" \/>\t\t\t\t\t\t\t\t<\/a>\n\t\t\t\t\t\t\t\t\t\t\t\t\t\t\t<\/div>\n\t\t\t\t<div class=\"elementor-element elementor-element-1a92f206 elementor-widget elementor-widget-html\" data-id=\"1a92f206\" data-element_type=\"widget\" data-widget_type=\"html.default\">\n\t\t\t\t\t<style>\n    \/* 1. Hide the word \"MENU\" *\/\n    .mobile-nav-title, .menu-title {\n        display: none !important;\n    }\n\n    \/* 2. Force the X drawing to be White *\/\n    .btn-mobile-close svg, \n    .btn-mobile-close i {\n        fill: #ffffff !important; \n        color: #ffffff !important;\n    }\n    \n    \/* 3. Paint the actual lines of the X *\/\n    .btn-mobile-close svg path, \n    .btn-mobile-close svg rect {\n        stroke: #ffffff !important;\n        fill: #ffffff !important;\n    }\n<\/style>\t\t\t\t<\/div>\n\t\t\t\t<div class=\"elementor-element elementor-element-3a775bb0 houzez-nav-menu-align-center elementor-widget elementor-widget-houzez_site_menu\" data-id=\"3a775bb0\" data-element_type=\"widget\" data-widget_type=\"houzez_site_menu.default\">\n\t\t\t\t<div class=\"elementor-widget-container\">\n\t\t\t\t\t\n     \t        <div class=\"houzez-ele-menu-3a775bb0 houzez-nav-menu-main-desktop-wrap houzez-hide-menu-tablet hz-show-menu-desktop \">\n\t    \t<nav class=\"main-ele-nav houzez-nav-menu-main on-hover-menu with-plus-icon houzez-nav-menu-layout-horizontal animation-grow pointer-text\" role=\"navigation\" aria-hidden=\"false\">\n\t\t\t\t<ul id=\"main-nav-3a775bb0\" class=\"navbar-nav houzez-elementor-menu\"><li id=\"menu-item-17464\" class=\"menu-item menu-item-type-custom menu-item-object-custom nav-item menu-item-17464 menu-item-design-default\"><a  class=\"nav-link \" href=\"#apiemus\">Apie mus<\/a> <\/li>\n<li id=\"menu-item-17465\" class=\"menu-item menu-item-type-custom menu-item-object-custom nav-item menu-item-17465 menu-item-design-default\"><a  class=\"nav-link \" href=\"#paslaugos\">Paslaugos<\/a> <\/li>\n<li id=\"menu-item-17466\" class=\"menu-item menu-item-type-custom menu-item-object-custom nav-item menu-item-17466 menu-item-design-default\"><a  class=\"nav-link \" href=\"https:\/\/www.aruodas.lt\/latmas\/\">Nekilnojamojo turto projektai<\/a> <\/li>\n<li id=\"menu-item-17467\" class=\"menu-item menu-item-type-custom menu-item-object-custom nav-item menu-item-17467 menu-item-design-default\"><a  class=\"nav-link \" href=\"#partneriai\">M\u016bs\u0173 partneriai<\/a> <\/li>\n<li id=\"menu-item-17474\" class=\"menu-item menu-item-type-custom menu-item-object-custom nav-item menu-item-17474 menu-item-design-default\"><a  class=\"nav-link \" href=\"#kontaktai\">Kontaktai<\/a> <\/li>\n<\/ul>\t\t\t<\/nav>\n\t\t<\/div><!-- houzez-nav-menu-main-desktop-wrap -->\n\t\t\n\t\t\t\t<div class=\"houzez-ele-mobile-menu-3a775bb0 nav-mobile houzez-show-menu-tablet \">\n\t\t\t\n\t\t\n\t\t\t<div class=\"houzez-menu-toggle-button\" data-bs-toggle=\"offcanvas\" data-bs-target=\"#hz-offcanvas-ele-menu-ulXX9\" aria-controls=\"hz-offcanvas-ele-menu-ulXX9\" aria-expanded=\"false\">\n\t\t\t\t\t\t\t\t\t<i class=\"houzez-icon icon-navigation-menu hz-navigation-open\"><\/i>\n\t\t\t\t\t\t\t\t<\/div> <!-- .houzez-menu-toggle-button -->\n\t\t\t\n\t\t\t<div class=\"main-nav navbar houzez-elementor-mobile-menu\">\n\t\t\t\t<div class=\"offcanvas offcanvas-start offcanvas-mobile-menu\" tabindex=\"-1\" id=\"hz-offcanvas-ele-menu-ulXX9\" aria-labelledby=\"hz-offcanvas-ele-menu-label\">\n\t\t\t\t\t<div class=\"offcanvas-header\">\n\t\t\t\t\t\t<div class=\"offcanvas-title fs-6\" id=\"hz-offcanvas-ele-menu-label\">Menu<\/div>\n\t\t\t\t\t\t<button type=\"button\" class=\"btn-close\" data-bs-dismiss=\"offcanvas\">\n\t\t\t\t\t\t\t<i class=\"houzez-icon icon-close\"><\/i>\n\t\t\t\t\t\t<\/button>\n\t\t\t\t\t<\/div>\n\t\t\t\t\t<div class=\"offcanvas-mobile-menu-body\">\n\t\t\t\t\t\t<ul id=\"main-mobile-nav-3a775bb0\" class=\"navbar-nav mobile-navbar-nav\"><li class=\"menu-item menu-item-type-custom menu-item-object-custom nav-item menu-item-17464 menu-item-design-default\"><a  class=\"nav-link \" href=\"#apiemus\">Apie mus<\/a> <\/li>\n<li class=\"menu-item menu-item-type-custom menu-item-object-custom nav-item menu-item-17465 menu-item-design-default\"><a  class=\"nav-link \" href=\"#paslaugos\">Paslaugos<\/a> <\/li>\n<li class=\"menu-item menu-item-type-custom menu-item-object-custom nav-item menu-item-17466 menu-item-design-default\"><a  class=\"nav-link \" href=\"https:\/\/www.aruodas.lt\/latmas\/\">Nekilnojamojo turto projektai<\/a> <\/li>\n<li class=\"menu-item menu-item-type-custom menu-item-object-custom nav-item menu-item-17467 menu-item-design-default\"><a  class=\"nav-link \" href=\"#partneriai\">M\u016bs\u0173 partneriai<\/a> <\/li>\n<li class=\"menu-item menu-item-type-custom menu-item-object-custom nav-item menu-item-17474 menu-item-design-default\"><a  class=\"nav-link \" href=\"#kontaktai\">Kontaktai<\/a> <\/li>\n<\/ul>\t\t\t\t\t<\/div>\n\t\t\t\t<\/div>\n\t\t\t<\/div><!-- main-nav -->\n\n\t\t<\/div>\n\t\t\t\t\t\t<\/div>\n\t\t\t\t<\/div>\n\t\t\t\t<\/div>\n\t\t<div class=\"elementor-element elementor-element-55f7c9e5 e-con-full e-flex e-con e-parent\" data-id=\"55f7c9e5\" data-element_type=\"container\" data-settings=\"{&quot;background_background&quot;:&quot;classic&quot;}\">\n\t\t\t\t<div class=\"elementor-element elementor-element-59ea5592 elementor-widget__width-initial elementor-widget elementor-widget-heading\" data-id=\"59ea5592\" data-element_type=\"widget\" data-widget_type=\"heading.default\">\n\t\t\t\t\t<h2 class=\"elementor-heading-title elementor-size-default\">Parduodame-nuomojame \nturt\u0105<\/h2>\t\t\t\t<\/div>\n\t\t\t\t<\/div>\n\t\t<div class=\"elementor-element elementor-element-5556b166 e-flex e-con-boxed e-con e-parent\" data-id=\"5556b166\" data-element_type=\"container\">\n\t\t\t\t\t<div class=\"e-con-inner\">\n\t\t<div class=\"elementor-element elementor-element-37813209 e-con-full e-flex e-con e-child\" data-id=\"37813209\" data-element_type=\"container\">\n\t\t\t\t<div class=\"elementor-element elementor-element-12bf6acc elementor-widget elementor-widget-text-editor\" data-id=\"12bf6acc\" data-element_type=\"widget\" data-widget_type=\"text-editor.default\">\n\t\t\t\t\t\t\t\t\t<div class=\"wpb_text_column wpb_content_element \"><div class=\"wpb_wrapper\"><h4>Tarpininkaujame perkant, parduodant, nuomojant ir i\u0161nuomojant nekilnojam\u0105j\u012f turt\u0105.<\/h4><\/div><\/div><div class=\"vc_empty_space\">\u00a0<\/div><div class=\"wpb_text_column wpb_content_element \"><div class=\"wpb_wrapper\"><h4>Mielai pad\u0117sime Jums:<\/h4><\/div><\/div><div class=\"vc_empty_space\">\u00a0<\/div><div class=\"wpb_text_column wpb_content_element \"><div class=\"wpb_wrapper\"><ul><li>planuojant parduoti ar pirkti, nuomoti ar i\u0161sinuomoti nekilnojam\u0105j\u012f turt\u0105;<\/li><li>pakonsultuosime nekilnojamojo turto rinkos analiz\u0117s klausimais, nustatant nekilnojamojo turto rinkos vert\u0119;<\/li><li>ruo\u0161iant dokumentus, reikalingus notariniam sandoriui, sutvarkysime paveld\u0117jimo, \u012fregistravimo, \u012fteisinimo dokumentus;<\/li><li>suteiksime informacijos nekilnojamojo turto rinkos ir investicij\u0173 klausimais.<\/li><\/ul><\/div><\/div>\t\t\t\t\t\t\t\t<\/div>\n\t\t\t\t<\/div>\n\t\t<div class=\"elementor-element elementor-element-4505c4c6 e-con-full e-flex e-con e-child\" data-id=\"4505c4c6\" data-element_type=\"container\">\n\t\t\t\t<div class=\"elementor-element elementor-element-17e6cb8c elementor-widget__width-initial elementor-widget elementor-widget-image\" data-id=\"17e6cb8c\" data-element_type=\"widget\" data-widget_type=\"image.default\">\n\t\t\t\t\t\t\t\t\t\t\t\t\t\t\t<img fetchpriority=\"high\" decoding=\"async\" width=\"1000\" height=\"597\" src=\"https:\/\/latmas.newwebsite.lt\/wp-content\/uploads\/2025\/12\/pic1.jpg\" class=\"attachment-large size-large wp-image-17511\" alt=\"\" srcset=\"\" \/>\t\t\t\t\t\t\t\t\t\t\t\t\t\t\t<\/div>\n\t\t\t\t<\/div>\n\t\t\t\t\t<\/div>\n\t\t\t\t<\/div>\n\t\t<div class=\"elementor-element elementor-element-60b88516 e-flex e-con-boxed e-con e-parent\" data-id=\"60b88516\" data-element_type=\"container\">\n\t\t\t\t\t<div class=\"e-con-inner\">\n\t\t\t\t<div class=\"elementor-element elementor-element-7a215a19 elementor-widget elementor-widget-text-editor\" data-id=\"7a215a19\" data-element_type=\"widget\" data-widget_type=\"text-editor.default\">\n\t\t\t\t\t\t\t\t\t<div>\u00a0<\/div><p>Mes bendradarbiaujame su pagrindiniais Lietuvoje veikian\u010diais bankais bei kitomis finansin\u0117mis institucijomis:<\/p>\t\t\t\t\t\t\t\t<\/div>\n\t\t\t\t<div class=\"elementor-element elementor-element-585c54e4 elementor-arrows-position-outside elementor-widget__width-inherit elementor-pagination-position-outside elementor-widget elementor-widget-image-carousel\" data-id=\"585c54e4\" data-element_type=\"widget\" data-settings=\"{&quot;navigation&quot;:&quot;both&quot;,&quot;autoplay&quot;:&quot;yes&quot;,&quot;pause_on_hover&quot;:&quot;yes&quot;,&quot;pause_on_interaction&quot;:&quot;yes&quot;,&quot;autoplay_speed&quot;:5000,&quot;infinite&quot;:&quot;yes&quot;,&quot;speed&quot;:500}\" data-widget_type=\"image-carousel.default\">\n\t\t\t\t\t\t\t<div class=\"elementor-image-carousel-wrapper swiper\" role=\"region\" aria-roledescription=\"carousel\" aria-label=\"Image Carousel\" dir=\"ltr\">\n\t\t\t<div class=\"elementor-image-carousel swiper-wrapper\" aria-live=\"off\">\n\t\t\t\t\t\t\t\t<div class=\"swiper-slide\" role=\"group\" aria-roledescription=\"slide\" aria-label=\"1 of 8\"><figure class=\"swiper-slide-inner\"><img decoding=\"async\" class=\"swiper-slide-image\" src=\"https:\/\/latmas.newwebsite.lt\/wp-content\/uploads\/elementor\/thumbs\/OP_Bank_logo-2-rg94calorl939it7u24qasq3dd5dxd64euavbbzyf4.png\" alt=\"OP_Bank_logo\" \/><\/figure><\/div><div class=\"swiper-slide\" role=\"group\" aria-roledescription=\"slide\" aria-label=\"2 of 8\"><figure class=\"swiper-slide-inner\"><img decoding=\"async\" class=\"swiper-slide-image\" src=\"https:\/\/latmas.newwebsite.lt\/wp-content\/uploads\/elementor\/thumbs\/Artea-Logo-New-scaled-rg94ced1ixe8jynr83r8krrxqwmus5l1rcwt8fudq8.png\" alt=\"Artea-Logo-New\" \/><\/figure><\/div><div class=\"swiper-slide\" role=\"group\" aria-roledescription=\"slide\" aria-label=\"3 of 8\"><figure class=\"swiper-slide-inner\"><img decoding=\"async\" class=\"swiper-slide-image\" src=\"https:\/\/latmas.newwebsite.lt\/wp-content\/uploads\/elementor\/thumbs\/Bank_Citadele_Logo-2-scaled-rg94clvr1loj4ucu07094pvmhzlshqewge4p2nj8cg.png\" alt=\"Bank_Citadele_Logo\" \/><\/figure><\/div><div class=\"swiper-slide\" role=\"group\" aria-roledescription=\"slide\" aria-label=\"4 of 8\"><figure class=\"swiper-slide-inner\"><img decoding=\"async\" class=\"swiper-slide-image\" src=\"https:\/\/latmas.newwebsite.lt\/wp-content\/uploads\/elementor\/thumbs\/URBO-green-RGB-removebg-preview-1-rg94cpn3sxtofa7de8mreoxgvj39cittswqmzrdnnk.png\" alt=\"URBO-green-RGB-removebg-preview\" \/><\/figure><\/div><div class=\"swiper-slide\" role=\"group\" aria-roledescription=\"slide\" aria-label=\"5 of 8\"><figure class=\"swiper-slide-inner\"><img decoding=\"async\" class=\"swiper-slide-image\" src=\"https:\/\/latmas.newwebsite.lt\/wp-content\/uploads\/elementor\/thumbs\/Luminor_burgundy-rg94cris6lw92i4n39g0joge2atzrx1ah61lybavb4.png\" alt=\"Luminor_burgundy\" \/><\/figure><\/div><div class=\"swiper-slide\" role=\"group\" aria-roledescription=\"slide\" aria-label=\"6 of 8\"><figure class=\"swiper-slide-inner\"><img decoding=\"async\" class=\"swiper-slide-image\" src=\"https:\/\/latmas.newwebsite.lt\/wp-content\/uploads\/elementor\/thumbs\/SEB_Logo.svg-2-rg94cucar4041c0jmsnw95qrugg3f0chhk02e56osg.png\" alt=\"SEB_Logo.svg\" \/><\/figure><\/div><div class=\"swiper-slide\" role=\"group\" aria-roledescription=\"slide\" aria-label=\"7 of 8\"><figure class=\"swiper-slide-inner\"><img decoding=\"async\" class=\"swiper-slide-image\" src=\"https:\/\/latmas.newwebsite.lt\/wp-content\/uploads\/elementor\/thumbs\/Swedbank_logo.svg-rg94cx5tbm3z05wg6bvryn15mm2723nohxyitz2i9s.png\" alt=\"Swedbank_logo.svg\" \/><\/figure><\/div><div class=\"swiper-slide\" role=\"group\" aria-roledescription=\"slide\" aria-label=\"8 of 8\"><figure class=\"swiper-slide-inner\"><img decoding=\"async\" class=\"swiper-slide-image\" src=\"https:\/\/latmas.newwebsite.lt\/wp-content\/uploads\/elementor\/thumbs\/Bigbank-removebg-preview-rl4ax319a5i2in7gfyl0yuruv9plj5hkem8r4yacjk.png\" alt=\"Bigbank-removebg-preview\" \/><\/figure><\/div>\t\t\t<\/div>\n\t\t\t\t\t\t\t\t\t\t\t\t<div class=\"elementor-swiper-button elementor-swiper-button-prev\" role=\"button\" tabindex=\"0\">\n\t\t\t\t\t\t<svg aria-hidden=\"true\" class=\"e-font-icon-svg e-far-arrow-alt-circle-left\" viewBox=\"0 0 512 512\" xmlns=\"http:\/\/www.w3.org\/2000\/svg\"><path d=\"M8 256c0 137 111 248 248 248s248-111 248-248S393 8 256 8 8 119 8 256zm448 0c0 110.5-89.5 200-200 200S56 366.5 56 256 145.5 56 256 56s200 89.5 200 200zm-72-20v40c0 6.6-5.4 12-12 12H256v67c0 10.7-12.9 16-20.5 8.5l-99-99c-4.7-4.7-4.7-12.3 0-17l99-99c7.6-7.6 20.5-2.2 20.5 8.5v67h116c6.6 0 12 5.4 12 12z\"><\/path><\/svg>\t\t\t\t\t<\/div>\n\t\t\t\t\t<div class=\"elementor-swiper-button elementor-swiper-button-next\" role=\"button\" tabindex=\"0\">\n\t\t\t\t\t\t<svg aria-hidden=\"true\" class=\"e-font-icon-svg e-eicon-chevron-right\" viewBox=\"0 0 1000 1000\" xmlns=\"http:\/\/www.w3.org\/2000\/svg\"><path d=\"M696 533C708 521 713 504 713 487 713 471 708 454 696 446L400 146C388 133 375 125 354 125 338 125 325 129 313 142 300 154 292 171 292 187 292 204 296 221 308 233L563 492 304 771C292 783 288 800 288 817 288 833 296 850 308 863 321 871 338 875 354 875 371 875 388 867 400 854L696 533Z\"><\/path><\/svg>\t\t\t\t\t<\/div>\n\t\t\t\t\n\t\t\t\t\t\t\t\t\t<div class=\"swiper-pagination\"><\/div>\n\t\t\t\t\t\t\t\t\t<\/div>\n\t\t\t\t\t\t<\/div>\n\t\t\t\t\t<\/div>\n\t\t\t\t<\/div>\n\t\t<div class=\"elementor-element elementor-element-144efa9c e-flex e-con-boxed e-con e-parent\" data-id=\"144efa9c\" data-element_type=\"container\" data-settings=\"{&quot;background_background&quot;:&quot;classic&quot;}\">\n\t\t\t\t\t<div class=\"e-con-inner\">\n\t\t<div class=\"elementor-element elementor-element-1724ac9c e-con-full e-flex e-con e-child\" data-id=\"1724ac9c\" data-element_type=\"container\">\n\t\t\t\t<div class=\"elementor-element elementor-element-7ab02d2e elementor-widget__width-initial elementor-widget elementor-widget-heading\" data-id=\"7ab02d2e\" data-element_type=\"widget\" data-widget_type=\"heading.default\">\n\t\t\t\t\t<h2 class=\"elementor-heading-title elementor-size-default\">Turite papildom\u0173 klausim\u0173?<\/h2>\t\t\t\t<\/div>\n\t\t\t\t<div class=\"elementor-element elementor-element-32427636 elementor-widget__width-initial elementor-widget elementor-widget-text-editor\" data-id=\"32427636\" data-element_type=\"widget\" data-widget_type=\"text-editor.default\">\n\t\t\t\t\t\t\t\t\t<p>Skambinkite: +370 698 50003<\/p><p>Ra\u0161ykite: info@latmas.lt<\/p>\t\t\t\t\t\t\t\t<\/div>\n\t\t\t\t<\/div>\n\t\t\t\t<div class=\"elementor-element elementor-element-1939bf31 elementor-widget__width-initial elementor-widget elementor-widget-google_maps\" data-id=\"1939bf31\" data-element_type=\"widget\" data-widget_type=\"google_maps.default\">\n\t\t\t\t\t\t\t<div class=\"elementor-custom-embed\">\n\t\t\t<iframe loading=\"lazy\"\n\t\t\t\t\tsrc=\"https:\/\/maps.google.com\/maps?q=%20Vasario%2016-osios%20g.%206%20Vasario%2016-osios%20g.%206%2C%20Kaunas%2C%2044250%20Kauno%20m.%20sav.&#038;t=m&#038;z=16&#038;output=embed&#038;iwloc=near\"\n\t\t\t\t\ttitle=\" Vasario 16-osios g. 6 Vasario 16-osios g. 6, Kaunas, 44250 Kauno m. sav.\"\n\t\t\t\t\taria-label=\" Vasario 16-osios g. 6 Vasario 16-osios g. 6, Kaunas, 44250 Kauno m. sav.\"\n\t\t\t><\/iframe>\n\t\t<\/div>\n\t\t\t\t\t\t<\/div>\n\t\t\t\t<div class=\"elementor-element elementor-element-25eb2c24 elementor-widget__width-initial elementor-widget elementor-widget-image\" data-id=\"25eb2c24\" data-element_type=\"widget\" data-widget_type=\"image.default\">\n\t\t\t\t\t\t\t\t\t\t\t\t\t\t\t<img decoding=\"async\" width=\"478\" height=\"188\" src=\"https:\/\/latmas.newwebsite.lt\/wp-content\/uploads\/2025\/12\/image-9.png\" class=\"attachment-large size-large wp-image-17456\" alt=\"\" srcset=\"\" \/>\t\t\t\t\t\t\t\t\t\t\t\t\t\t\t<\/div>\n\t\t<div class=\"elementor-element elementor-element-4dc63690 e-flex e-con-boxed e-con e-child\" data-id=\"4dc63690\" data-element_type=\"container\">\n\t\t\t\t\t<div class=\"e-con-inner\">\n\t\t\t\t<div class=\"elementor-element elementor-element-7330b0ca elementor-widget elementor-widget-text-editor\" data-id=\"7330b0ca\" data-element_type=\"widget\" data-widget_type=\"text-editor.default\">\n\t\t\t\t\t\t\t\t\t<p>Rekvizitai:<\/p><p>UAB \u201eLATMAS\u201c<br \/>\u012emon\u0117s kodas 1597 57916<br \/>PVM mok\u0117tojo kodas LT 597579113<br \/>Vasario 16-osios g. 6-6, LT-44250, Kaunas<\/p><p>AS \u201eCitadele bankas\u201d Lietuvos filialas<br \/>b.k. 72900; a.s. LT52 7290 0000 1446 7122<\/p><p>Luminor Bank AS Lietuvos skyrius<br \/>b.k. 40100; a.s. LT31 4010 0425 0013 6606<\/p>\t\t\t\t\t\t\t\t<\/div>\n\t\t\t\t<div class=\"elementor-element elementor-element-1e22df8c elementor-widget elementor-widget-text-editor\" data-id=\"1e22df8c\" data-element_type=\"widget\" data-widget_type=\"text-editor.default\">\n\t\t\t\t\t\t\t\t\t<p>Adresas:<br \/>Vasario 16-osios g. 6-6, Kaunas LT-44250<\/p><p>Darbo valandos:<br \/>I\u2014IV\u00a0 \u00a0 \u00a0 \u00a08:30 &#8211; 17:30<br \/>V\u00a0 \u00a0 \u00a0 \u00a0 \u00a0 \u00a0 \u00a0 8:30 &#8211; 16:30<br \/>VI\u2014VII\u00a0 \u00a0nedirbame<\/p>\t\t\t\t\t\t\t\t<\/div>\n\t\t\t\t<div class=\"elementor-element elementor-element-31458897 elementor-widget__width-initial elementor-widget elementor-widget-text-editor\" data-id=\"31458897\" data-element_type=\"widget\" data-widget_type=\"text-editor.default\">\n\t\t\t\t\t\t\t\t\t<p>Telefonas:<br \/><a href=\"tel:+370 698 50003\" target=\"_blank\" rel=\"noopener\" data-fpl-component=\"primitive\">+370 69 850003<\/a><br \/><a href=\"tel:+370 374 09360\" target=\"_blank\" rel=\"noopener\" data-fpl-component=\"primitive\">+370 37 409360<\/a><\/p><p>El. pa\u0161tas:<br \/><a href=\"mailto:info@latmas.lt\" target=\"_blank\" rel=\"noopener\" data-fpl-component=\"primitive\">info@latmas.lt<\/a><\/p>\t\t\t\t\t\t\t\t<\/div>\n\t\t\t\t\t<\/div>\n\t\t\t\t<\/div>\n\t\t\t\t\t<\/div>\n\t\t\t\t<\/div>\n\t\t\t\t<\/div>\n\t\t","protected":false},"excerpt":{"rendered":"<p>Apie mus Paslaugos Nekilnojamojo turto projektai M\u016bs\u0173 partneriai Kontaktai Menu Apie mus Paslaugos Nekilnojamojo turto projektai M\u016bs\u0173 partneriai Kontaktai Parduodame-nuomojame turt\u0105 Tarpininkaujame perkant, parduodant, nuomojant ir i\u0161nuomojant nekilnojam\u0105j\u012f turt\u0105. \u00a0 Mielai pad\u0117sime Jums: \u00a0 planuojant parduoti ar pirkti, nuomoti ar i\u0161sinuomoti nekilnojam\u0105j\u012f turt\u0105; pakonsultuosime nekilnojamojo turto rinkos analiz\u0117s klausimais, nustatant nekilnojamojo turto rinkos vert\u0119; ruo\u0161iant [&hellip;]<\/p>\n","protected":false},"author":1,"featured_media":0,"parent":0,"menu_order":0,"comment_status":"closed","ping_status":"closed","template":"elementor_canvas","meta":{"footnotes":""},"class_list":["post-17542","page","type-page","status-publish","hentry"],"_links":{"self":[{"href":"https:\/\/latmas.newwebsite.lt\/index.php?rest_route=\/wp\/v2\/pages\/17542","targetHints":{"allow":["GET"]}}],"collection":[{"href":"https:\/\/latmas.newwebsite.lt\/index.php?rest_route=\/wp\/v2\/pages"}],"about":[{"href":"https:\/\/latmas.newwebsite.lt\/index.php?rest_route=\/wp\/v2\/types\/page"}],"author":[{"embeddable":true,"href":"https:\/\/latmas.newwebsite.lt\/index.php?rest_route=\/wp\/v2\/users\/1"}],"replies":[{"embeddable":true,"href":"https:\/\/latmas.newwebsite.lt\/index.php?rest_route=%2Fwp%2Fv2%2Fcomments&post=17542"}],"version-history":[{"count":16,"href":"https:\/\/latmas.newwebsite.lt\/index.php?rest_route=\/wp\/v2\/pages\/17542\/revisions"}],"predecessor-version":[{"id":17630,"href":"https:\/\/latmas.newwebsite.lt\/index.php?rest_route=\/wp\/v2\/pages\/17542\/revisions\/17630"}],"wp:attachment":[{"href":"https:\/\/latmas.newwebsite.lt\/index.php?rest_route=%2Fwp%2Fv2%2Fmedia&parent=17542"}],"curies":[{"name":"wp","href":"https:\/\/api.w.org\/{rel}","templated":true}]}}